{"id":708,"date":"2026-03-19T13:34:48","date_gmt":"2026-03-19T13:34:48","guid":{"rendered":"https:\/\/veloclub-sins.ch\/?page_id=708"},"modified":"2026-03-19T13:39:13","modified_gmt":"2026-03-19T13:39:13","slug":"datenschutzerklaerung-dse","status":"publish","type":"page","link":"https:\/\/veloclub-sins.ch\/index.php\/datenschutzerklaerung-dse\/","title":{"rendered":"Datenschutzerkl\u00e4rung (DSE)"},"content":{"rendered":"<h2>Datenschutzerkl\u00e4rung (DSE) <a href=\"https:\/\/veloclub-sins.ch\/wp-content\/uploads\/2026\/03\/Datenschutzerklaerung-DSE-Veloclub-Sins.pdf\">( PDF )<\/a><\/h2>\n<ol type = \"1.\">\n<li><strong>Grundsatz<\/strong><\/li>\n<p>Der Verein bearbeitet Personendaten seiner Mitglieder und Dritter (z. B. Teilnehmende an<br \/>\nVeranstaltungen) unter Einhaltung der geltenden gesetzlichen Bestimmungen, insbesondere des<br \/>\nSchweizer Datenschutzgesetzes (DSG).<\/p>\n<li><strong>Zweck der Datenbearbeitung<\/strong><\/li>\n<p>Der Verein erhebt, speichert und verarbeitet personenbezogene Daten ausschliesslich zum Zweck der<br \/>\nVereinsf\u00fchrung, der Mitgliederverwaltung, der Organisation von Veranstaltungen sowie zur Erf\u00fcllung<br \/>\nder statutarischen Aufgaben.<\/p>\n<li><strong>Verantwortlichkeit<\/strong><\/li>\n<p>Der Vorstand ist f\u00fcr die Einhaltung der Datenschutzbestimmungen verantwortlich. Er kann eine<br \/>\nverantwortliche Person f\u00fcr den Datenschutz benennen.<\/p>\n<li><strong>Weitergabe von Daten<\/strong><\/li>\n<p>Personendaten werden nur dann an Dritte weitergegeben, wenn dies zur Erf\u00fcllung des Vereinszwecks<br \/>\nerforderlich ist oder eine gesetzliche Verpflichtung besteht.<\/p>\n<li><strong>Rechte der betroffenen Personen<\/strong><\/li>\n<p>Mitglieder haben das Recht auf Auskunft \u00fcber die sie betreffenden Personendaten, auf Berichtigung<br \/>\nunrichtiger Daten sowie auf L\u00f6schung ihrer Daten, sofern keine gesetzliche oder statutarische<br \/>\nAufbewahrungspflicht besteht. Anfragen sind schriftlich an den Vorstand zu richten.<\/p>\n<li><strong>Datensicherheit<\/strong><\/li>\n<p>Der Verein trifft angemessene technische und organisatorische Massnahmen, um die Personendaten<br \/>\nvor unbefugtem Zugriff, Missbrauch oder Verlust zu sch\u00fctzen.<\/p>\n<li><strong>Einverst\u00e4ndniserkl\u00e4rung Foto- und Videoaufnahmen<\/strong><\/li>\n<p>Unsere Vereinswebseite sowie unsere Social-Media-Kan\u00e4le werden regelm\u00e4ssig mit Informationen<br \/>\nund Eindr\u00fccken aus unserem Vereinsleben aktualisiert. Dadurch m\u00f6chten wir dem Umfeld der<br \/>\nVereinsmitglieder und weiteren Interessierten zeigen, welche Aktivit\u00e4ten unser Verein verfolgt, welche<br \/>\nAnl\u00e4sse stattgefunden haben und was aktuell ansteht.<br \/>\nBei der Auswahl der Aufnahmen achtet der Verein darauf, dass keine ethisch heiklen Fotos<br \/>\nver\u00f6ffentlicht werden sowie die Integrit\u00e4t und der Schutz von Vereinsmitglieder bestm\u00f6glich<br \/>\ngew\u00e4hrleistet wird. Wir garantieren einen verantwortungsvollen Umgang bei der Ver\u00f6ffentlichung der<br \/>\nAufnahmen. Fotos und Videoaufnahmen werden auf Antrag gel\u00f6scht.<br \/>\nMitglieder des Veloclub Sins erkl\u00e4ren sich damit einverstanden, dass vom Verein aufgenommene<br \/>\nFoto- und Videoaufnahmen auf der Webseite des Vereins oder auf Social-Media ver\u00f6ffentlicht werden.<\/p>\n<li><strong>Aufbewahrungsdauer<\/strong><\/li>\n<p>Personendaten werden nur so lange aufbewahrt, wie es f\u00fcr die Erf\u00fcllung der Vereinszwecke oder<br \/>\naufgrund gesetzlicher Vorgaben erforderlich ist. Nach Beendigung der Mitgliedschaft werden die<br \/>\nDaten gel\u00f6scht, sofern keine gesetzlichen oder statutarischen Aufbewahrungspflichten bestehen.<\/p>\n<li><strong>\u00c4nderung der Datenschutzbestimmungen<\/strong><\/li>\n<p>\u00c4nderungen der Datenschutzbestimmungen bed\u00fcrfen der Genehmigung der Generalversammlung.\n<\/ol>\n<p>Von der GV 2026 genehmigt, Sins, 13.3.2026<\/p>\n<p>Gezeichnet: <\/p>\n<p>Josef B\u00fchlmann Pr\u00e4sident<br \/>\nPeter Burkard Aktuar<br \/>\nRobert Bisang Kassier<\/p>\n","protected":false},"excerpt":{"rendered":"<p>Datenschutzerkl\u00e4rung (DSE) ( PDF ) Grundsatz Der Verein bearbeitet Personendaten seiner Mitglieder und Dritter (z. B. Teilnehmende an Veranstaltungen) unter Einhaltung der geltenden gesetzlichen Bestimmungen, insbesondere des Schweizer Datenschutzgesetzes (DSG). Zweck der Datenbearbeitung Der Verein erhebt, speichert und verarbeitet personenbezogene Daten ausschliesslich zum Zweck der Vereinsf\u00fchrung, der Mitgliederverwaltung, der Organisation von Veranstaltungen sowie zur Erf\u00fcllung &hellip; <a href=\"https:\/\/veloclub-sins.ch\/index.php\/datenschutzerklaerung-dse\/\" class=\"more-link\"><span class=\"screen-reader-text\">Datenschutzerkl\u00e4rung (DSE)<\/span> weiterlesen <span class=\"meta-nav\">&rarr;<\/span><\/a><\/p>\n","protected":false},"author":1,"featured_media":0,"parent":0,"menu_order":0,"comment_status":"closed","ping_status":"closed","template":"","meta":{"inline_featured_image":false,"ngg_post_thumbnail":0,"footnotes":""},"class_list":["post-708","page","type-page","status-publish","hentry"],"_links":{"self":[{"href":"https:\/\/veloclub-sins.ch\/index.php\/wp-json\/wp\/v2\/pages\/708","targetHints":{"allow":["GET"]}}],"collection":[{"href":"https:\/\/veloclub-sins.ch\/index.php\/wp-json\/wp\/v2\/pages"}],"about":[{"href":"https:\/\/veloclub-sins.ch\/index.php\/wp-json\/wp\/v2\/types\/page"}],"author":[{"embeddable":true,"href":"https:\/\/veloclub-sins.ch\/index.php\/wp-json\/wp\/v2\/users\/1"}],"replies":[{"embeddable":true,"href":"https:\/\/veloclub-sins.ch\/index.php\/wp-json\/wp\/v2\/comments?post=708"}],"version-history":[{"count":10,"href":"https:\/\/veloclub-sins.ch\/index.php\/wp-json\/wp\/v2\/pages\/708\/revisions"}],"predecessor-version":[{"id":722,"href":"https:\/\/veloclub-sins.ch\/index.php\/wp-json\/wp\/v2\/pages\/708\/revisions\/722"}],"wp:attachment":[{"href":"https:\/\/veloclub-sins.ch\/index.php\/wp-json\/wp\/v2\/media?parent=708"}],"curies":[{"name":"wp","href":"https:\/\/api.w.org\/{rel}","templated":true}]}}