{"id":49,"date":"2025-02-12T12:56:01","date_gmt":"2025-02-12T12:56:01","guid":{"rendered":"https:\/\/veloclub.sins942.ch\/?page_id=49"},"modified":"2026-03-19T12:03:19","modified_gmt":"2026-03-19T12:03:19","slug":"statuten-veloclub-sins","status":"publish","type":"page","link":"https:\/\/veloclub-sins.ch\/index.php\/statuten-veloclub-sins\/","title":{"rendered":"Statuten Veloclub Sins"},"content":{"rendered":"<h2>Unsere Statuten <a href=\"https:\/\/veloclub-sins.ch\/wp-content\/uploads\/2026\/03\/Statuten-Veloclub-Sins-2026.pdf\">( PDF )<\/a><\/h2>\n<p class=\"c4\">Gegr&uuml;ndet 1922<\/p>\n<p class=\"c4\">\u00dcberarbeitete Ausgabe 2026<\/p>\n<ol type=\"I\">\n<li><strong class=\"c5\">Name und Sitz<\/strong><\/li>\n<p class=\"c8\">Art. 1<\/p>\n<p>Der <strong>Veloclub Sins<\/strong> (im nachfolgenden Verein genannt) ist ein Verein<br \/>\nim Sinne von Art. 60 ff des Schweiz. Zivilgesetzbuches (ZGB) mit Sitz in 5643 Sins.<\/p>\n<li><strong class=\"c5\">Zweck<\/strong><\/li>\n<p class=\"c8\">Art. 2<\/p>\n<ul>\n<li>Der Veloclub Sins bezweckt die F\u00f6rderung und Pflege des Velosports in all seinen<br \/>\nFormen.<\/li>\n<li>Der Verein bietet seinen Mitgliedern die M\u00f6glichkeit, gemeinsam Velofahrten zu<br \/>\nunternehmen und an verschiedenen sportlichen und gesellschaftlichen Aktivit\u00e4ten<br \/>\nteilzunehmen.<\/li>\n<li>Neben dem sportlichen Aspekt legt der Verein grossen Wert auf die Kameradschaft, das<br \/>\ngesellige Beisammensein sowie das gemeinsame Erlebnis.<\/li>\n<li>Durch die Durchf\u00fchrung von gesellschaftlichen Anl\u00e4ssen und gemeinsamen<br \/>\nUnternehmungen soll der Zusammenhalt unter den Mitgliedern gef\u00f6rdert und das<br \/>\nVereinsleben aktiv gestaltet werden.<\/li>\n<\/ul\n\n\n\n<li><strong class=\"c5\">Mitgliedschaft<\/strong><\/li>\n<p class=\"c8\">Art. 3<\/p>\n<p>Der Verein umfasst folgende Mitgliederkategorien:<\/p>\n<ol type=\"a\">\n<li><em>Aktivmitglieder<\/em><\/li>\n<li><em>Passivmitglieder<\/em><\/li>\n<li><em>Jugendmitglieder (bis zum 16. Altersjahr)<\/em><\/li>\n<\/ol>\n<p class=\"c8\">Art. 4<\/p>\n<p>Als Mitglied kann aufgenommen werden, wer in b&uuml;rgerlichen Ehren und Rechten steht.<\/p>\n<p class=\"c8\">Art. 5<\/p>\n<p>\u00dcber die Aufnahme von Mitgliedern entscheidet der Vorstand unter Vorbehalt der Genehmigung<br \/>\ndurch die Generalversammlung. \u00dcber die definitive Aufnahme von Mitgliedern entscheidet die<br \/>\nGeneralversammlung.<\/p>\n<p class=\"c8\">Art. 6<\/p>\n<p>Minderj\u00e4hrige Mitglieder k\u00f6nnen nur mit Zustimmung ihrer Eltern oder deren gesetzlichen<br \/>\nVertreter aufgenommen werden.<\/p>\n<p class=\"c8\">Art. 7<\/p>\n<p>Austrittserkl\u00e4rungen sind dem Vorstand mindestens zwei Wochen vor der Generalversammlung<br \/>\nschriftlich einzureichen.<\/p>\n<li><strong class=\"c5\">Rechte und Pflichten der Mitglieder<\/strong><\/li>\n<p class=\"c8\">Art. 8<\/p>\n<p>Mitglieder sind verpflichtet die Vereinsinteressen zu wahren, die Statuten zu beachten, den<br \/>\nVereinsbeschl\u00fcssen nachzuleben und ihre finanziellen Verpflichtungen zu erf\u00fcllen.Mitglieder<br \/>\nwelche die Interessen vors\u00e4tzlich verletzen oder auch nach der Zahlungsfrist einer Mahnung der<br \/>\nZahlungsaufforderung nicht nachkommen, k\u00f6nnen durch Beschluss der Generalversammlung<br \/>\nvom Verein ausgeschlossen werden. Das betreffende Mitglied ist vorg\u00e4ngig von der Sanktion in<br \/>\nKenntnis zu setzen.<\/p>\n<p class=\"c8\">Art. 9<\/p>\n<p>Alle Mitglieder, mit Ausnahme der Passivmitglieder, sind wahl- und stimmberechtigt.<\/p>\n<p class=\"c8\">Art. 10<\/p>\n<p>Ausgetretene und ausgeschlossene Mitglieder verlieren jeden Anspruch auf das<br \/>\nVereinsverm\u00f6gen.<\/p>\n<li><strong class=\"c5\">Organisation und Leitung<\/strong><\/li>\n<p class=\"c8\">Art. 11<\/p>\n<p>Das Gesch\u00e4ftsjahr dauert vom 1. Januar &#8211; 31. Dezember.<\/p>\n<p class=\"c8\">Art. 12<\/p>\n<p>Die Organe des Vereins sind:<\/p>\n<ol type=\"a\">\n<li>die Generalversammlung<\/li>\n<li>der Vorstand<\/li>\n<li>die Rechnungsrevisoren<\/li>\n<\/ol>\n<p class=\"c8\">Art. 13<\/p>\n<p>Das oberste Organ des Vereins ist die Generalversammlung. Sie findet am Anfang jedes Jahres<br \/>\nstatt, St\u00e4ndige Traktanden der Generalversammlung sind:<\/p>\n<ol type=\"a\">\n<li>Protokoll der letzten Generalversammlung<\/li>\n<li>Jahresbericht<\/li>\n<li>Abnahme des Kassen- und Revisorenberichtes<\/li>\n<li>Festlegung der Mitgliederbeitr&auml;ge<\/li>\n<li>Genehmigung des Budgets<\/li>\n<li>Mutationen <span class=\"c3\">(Neuaufnahmen, Austritte, Ausschl&uuml;sse)<\/span><\/li>\n<li>Wahl des Vorstandes<\/li>\n<li>Wahl der Rechnungsrevisoren<\/li>\n<\/ol>\n<p class=\"c8\">Art. 14<\/p>\n<p>Eine ausserordentliche Generalversammlung findet statt auf Beschluss des Vorstandes oder<br \/>\nwenn ein F\u00fcnftel der stimmberechtigten Mitglieder eine Einberufung verlangt. Die<br \/>\nausserordentliche Generalversammlung hat innert 30 Tagen nach der Eingabe stattzufinden. Die<br \/>\nEinladung erfolgt gleich wie bei der ordentlichen Generalversammlung.<\/p>\n<p class=\"c8\">Art. 15<\/p>\n<p>Die Bekanntgabe des Zeitpunktes f\u00fcr die Generalversammlung erfolgt durch eine Einladung via<br \/>\nE-Mail. Die Traktanden sind in der Einladung bis sp\u00e4testens 14 Tage vor der<br \/>\nGeneralversammlung bekannt zu geben.<\/p>\n<p class=\"c8\">Art. 16<\/p>\n<p>Die Mitgliederversammlung wird vom Vorstand einberufen. Sie ist zust\u00e4ndig f\u00fcr die Erledigung<br \/>\ndringender Gesch\u00e4fte.<\/p>\n<p class=\"c8\">Art. 17<\/p>\n<p>\u00dcber Wahlen und Vereinsgesch\u00e4fte wird in offener Abstimmung entschieden. Die Versammlung<br \/>\nkann bei Wahlen eine geheime Abstimmung beschliessen. Entscheidend ist das Einfache Mehr<br \/>\nder stimmberechtigten Anwesenden. Bei Stichentscheid ist die Stimme des Pr\u00e4sidenten<br \/>\nmassgebend.<\/p>\n<li><strong class=\"c5\">Vorstand<\/strong><\/li>\n<p class=\"c8\">Art. 18<\/p>\n<p>Die Leitung des Vereins besteht aus mindestens drei Mitgliedern:<\/p>\n<ol type=\"a\" style=\"padding-left: 40px;\">\n<li><em>Pr&auml;sident<\/em><\/li>\n<li><em>Aktuar<\/em><\/li>\n<li><em>Kassier<\/em><\/li>\n<\/ol>\n<p class=\"c8\">Art. 19<\/p>\n<p>Die Amtsdauer des Vorstandes betr\u00e4gt 1 Jahr. Der Vorstand organisiert sich selbst unter dem<br \/>\nVorsitz des Pr\u00e4sidenten.<\/p>\n<p class=\"c8\">Art. 20<\/p>\n<p>R\u00fccktritte sind dem Pr\u00e4sidenten zwei Monate vor Ablauf des Gesch\u00e4ftsjahres schriftlich (auch per<br \/>\nE-Mail) einzureichen.<\/p>\n<p class=\"c8\">Art. 21<\/p>\n<p>Der Verein wird verpflichtet durch die Kollektivunterschrift von Pr\u00e4sident und einem weiteren<br \/>\nVorstandsmitglied je zu Zweien.<\/p>\n<li><strong class=\"c5\">Revisoren<\/strong><\/li>\n<p class=\"c8\">Art. 22<\/p>\n<p>Zwei Revisoren \u00fcberwachen die Arbeit des Kassiers und pr\u00fcfen die Rechnung des Vereins. Sie<br \/>\nerstatten zuhanden der Generalversammlung einen Bericht.<\/p>\n<p>Die Amtsdauer der Rechnungsrevisoren ist unbeschr\u00e4nkt.<\/p>\n<li><strong class=\"c5\">Finanzen<\/strong><\/li>\n<p class=\"c8\">Art. 23<\/p>\n<p>Die Mitgliederbeitr\u00e4ge werden j\u00e4hrlich eingezogen. Die Beitragspflicht beginnt mit der Aufnahme<br \/>\nin den Verein.<\/p>\n<p class=\"c8\">Art. 24<\/p>\n<p>Das Verm\u00f6gen ist sicher anzulegen. Der Verein haftet mit seinem ganzen Verm\u00f6gen. Eine<br \/>\npers\u00f6nliche Haftung der Mitglieder ist ausgeschlossen.<\/p>\n<li><strong class=\"c5\">Archiv<\/strong><\/li>\n<p class=\"c8\">Art. 25<\/p>\n<p>S\u00e4mtliche Vereinsakten: Protokolle, Berichte, wichtige Korrespondenz, Vereinsrechnungen etc.<br \/>\nwerden im Vereinsarchiv (in der Regel beim Aktuar) aufbewahrt. Jedes Mitglied darf das Archiv<br \/>\neinsehen.<\/p>\n<li><strong class=\"c5\">Publikationen<\/strong><\/li>\n<p class=\"c8\">Art. 26<\/p>\n<p>Das offizielle Publikationsorgan ist der Anzeiger Oberfreiamt. Erg\u00e4nzend dazu wird die offizielle<br \/>\nHomepage des Veloclubs als Informationsplattform verwendet.<\/p>\n<li><strong class=\"c5\">Datenschutz<\/strong><\/li>\n<p class=\"c8\">Art. 27<\/p>\n<p>Zur Einhaltung der gesetzlichen Bestimmungen des Schweizer Datenschutzgesetzes (DSG) f\u00fchrt<br \/>\nder Veloclub Sins (Vorstand) eine Datenschutzerkl\u00e4rung (DSE) die integrierter Bestandteil der<br \/>\njeweilig g\u00fcltigen Statutenversion darstellt.<\/p>\n<li><strong class=\"c5\">Revisionsbestimmungen<\/strong><\/li>\n<p class=\"c8\">Art. 28<\/p>\n<p>Einzelne Artikel der Statuten (sofern rechtlich zul\u00e4ssig) k\u00f6nnen von jeder ordentlichen und<br \/>\nausserordentlichen Generalversammlung mit einfachem Mehrheitsbeschluss abge\u00e4ndert werden,<br \/>\nsofern die Antr\u00e4ge auf der Traktandenliste aufgef\u00fchrt werden.<\/p>\n<p class=\"c8\">Art. 29<\/p>\n<p>Eine Totalrevision der Statuten kann in die Wege geleitet werden, wenn der Vorstand oder die<br \/>\nMehrheit der Mitglieder das Begehren stellen. Sie wird von der Mehrheit der<br \/>\nGeneralversammlung beschlossen.<\/p>\n<li><strong class=\"c5\">Aufl&ouml;sung<\/strong><\/li>\n<p class=\"c8\">Art. 30<\/p>\n<p>Die Aufl\u00f6sung des Vereins kann nur an einer zu diesem Zwecke einberufenen<br \/>\nGeneralversammlung mit 4\/5 Mehrheit der anwesenden Stimmberechtigten beschlossen werden.<br \/>\nSolange sich 5 Mitglieder f\u00fcr die Weiterf\u00fchrung des Vereins verpflichten, kann er nicht aufgel\u00f6st<br \/>\nwerden.<\/p>\n<p class=\"c8\">Art. 31<\/p>\n<p>Im Falle einer Aufl\u00f6sung des Vereins ist das verbleibende Verm\u00f6gen der Gemeinde Sins zur<br \/>\ntreuh\u00e4nderischen Aufbewahrung zu \u00fcbergeben, die es f\u00fcr einen Verein mit \u00e4hnlichen Zielen zur<br \/>\nVerf\u00fcgung h\u00e4lt. Erfolgt innerhalb von 10 Jahren keine Neugr\u00fcndung, so ist das Verm\u00f6gen zur<br \/>\nF\u00f6rderung des Jugendsportes innerhalb der Gemeinde Sins zu verwenden.<\/p>\n<li><strong class=\"c5\">&Uuml;bergangs- und Schlussbestimmungen<\/strong><\/li>\n<p class=\"c8\">Art. 32<\/p>\n<p>Diese Statuten wurden an der Generalversammlung im M\u00e4rz 2026 genehmigt. Sie ersetzen die<br \/>\nalten Statuten aus dem Jahre 1989.<\/p>\n<p><\/p>\n<p class=\"c15\"><strong>F&uuml;r den Verein<\/strong><\/p>\n<p>Sins, den 13. M\u00e4rz 2026<\/p>\n<ul>\n<p>Der Pr&auml;sident: <em>Josef B&uuml;hlman<\/em><\/p>\n<p>Der Aktuar: <em>Peter Burkard<\/em><\/p>\n<p>Der Kassier <em>Robert Bisang<\/em><\/p>\n<\/ul>\n<\/ol>\n","protected":false},"excerpt":{"rendered":"<p>Unsere Statuten ( PDF ) Gegr&uuml;ndet 1922 \u00dcberarbeitete Ausgabe 2026 Name und Sitz Art. 1 Der Veloclub Sins (im nachfolgenden Verein genannt) ist ein Verein im Sinne von Art. 60 ff des Schweiz. Zivilgesetzbuches (ZGB) mit Sitz in 5643 Sins. Zweck Art. 2 Der Veloclub Sins bezweckt die F\u00f6rderung und Pflege des Velosports in all &hellip; <a href=\"https:\/\/veloclub-sins.ch\/index.php\/statuten-veloclub-sins\/\" class=\"more-link\"><span class=\"screen-reader-text\">Statuten Veloclub Sins<\/span> weiterlesen <span class=\"meta-nav\">&rarr;<\/span><\/a><\/p>\n","protected":false},"author":1,"featured_media":0,"parent":0,"menu_order":0,"comment_status":"closed","ping_status":"closed","template":"","meta":{"inline_featured_image":false,"ngg_post_thumbnail":0,"footnotes":""},"class_list":["post-49","page","type-page","status-publish","hentry"],"_links":{"self":[{"href":"https:\/\/veloclub-sins.ch\/index.php\/wp-json\/wp\/v2\/pages\/49","targetHints":{"allow":["GET"]}}],"collection":[{"href":"https:\/\/veloclub-sins.ch\/index.php\/wp-json\/wp\/v2\/pages"}],"about":[{"href":"https:\/\/veloclub-sins.ch\/index.php\/wp-json\/wp\/v2\/types\/page"}],"author":[{"embeddable":true,"href":"https:\/\/veloclub-sins.ch\/index.php\/wp-json\/wp\/v2\/users\/1"}],"replies":[{"embeddable":true,"href":"https:\/\/veloclub-sins.ch\/index.php\/wp-json\/wp\/v2\/comments?post=49"}],"version-history":[{"count":23,"href":"https:\/\/veloclub-sins.ch\/index.php\/wp-json\/wp\/v2\/pages\/49\/revisions"}],"predecessor-version":[{"id":707,"href":"https:\/\/veloclub-sins.ch\/index.php\/wp-json\/wp\/v2\/pages\/49\/revisions\/707"}],"wp:attachment":[{"href":"https:\/\/veloclub-sins.ch\/index.php\/wp-json\/wp\/v2\/media?parent=49"}],"curies":[{"name":"wp","href":"https:\/\/api.w.org\/{rel}","templated":true}]}}