{"id":41,"date":"2025-01-21T21:50:51","date_gmt":"2025-01-21T21:50:51","guid":{"rendered":"https:\/\/veloclub.sins942.ch\/?page_id=41"},"modified":"2026-05-10T16:22:40","modified_gmt":"2026-05-10T16:22:40","slug":"programm","status":"publish","type":"page","link":"https:\/\/veloclub-sins.ch\/index.php\/programm\/","title":{"rendered":"Programm"},"content":{"rendered":"<h2>Jahresprogramm 2026 <a href=\"https:\/\/veloclub-sins.ch\/wp-content\/uploads\/2026\/03\/VC-Sins-Jahresprogramm-2026.pdf\">( PDF )<\/a><\/h2>\n<p><span style=\"font-size: 14pt;\"><strong>Ab Mitte M\u00e4rz 2026 erfolgt die Ausschreibung der Touren auch auf unserer Homepage.<\/strong><\/span><\/p>\n<table class=\"tb\" width=\"700px\">\n<tbody>\n<tr>\n<th width=\"100\"><strong>Datum<\/strong><\/th>\n<th width=\"300\"><strong>Event<\/strong><\/th>\n<th width=\"300\"><strong>Bemerkungen<\/strong><\/th>\n<\/tr>\n<tr>\n<td>Freitag 13. M\u00e4rz<\/td>\n<td><strong>99. Generalversammlung 2026<\/strong><\/td>\n<td>Gasthof Hirschen Auw<\/td>\n<\/tr>\n<tr>\n<td>ab Mitte M\u00e4rz<\/td>\n<td><strong>Veloausfahrten<\/strong><br \/>\nW\u00f6chentliche gemeinsame<br \/>\nAusfahrten mit oder ohne e-Bike<br \/>\nnach Absprache im WhatsApp<br \/>\nGruppen Chat und Ausschreibung<br \/>\nauf der Homepage<\/td>\n<td>Genauer Wochentag wetterabh\u00e4ngig<br \/>\n<strong>in der Regel<\/strong><br \/>\nam Mittwoch: Rennvelo und\/oder Gravelbike<br \/>\nam Donnerstag: eBike<br \/>\nam Samstag: nach Ausschreibung Homepage<\/td>\n<\/tr>\n<tr>\n<td>Woche 20<br \/>\n11. &#8211; 16. Mai<\/td>\n<td><strong>Wandertag easy<\/strong><br \/>\nab Bahnhof Forch-Pfannenstiel-<br \/>\nToggwil-Meilemer Bachtobel-Meilen<br \/>\nreine Wanderzeit ca. 3h \/ 300 Hm<\/td>\n<td>PartnerIn-Anlass<br \/>\nWanderleiter: Peter Burkard<br \/>\n<span style=\"font-size: 12pt; color: #ff0000;\"><strong>abgesagt (Wetter)<\/strong><\/span><\/td>\n<\/tr>\n<tr>\n<td>Woche 22<br \/>\n25. \u2013 29. Mai<\/td>\n<td><strong>Velotage im Allg\u00e4u<\/strong><br \/>\nIn F\u00fcssen und Umgebung<br \/>\nWir fahren in zwei Gruppen mit<br \/>\nje einem Tourleiter<\/td>\n<td>PartnerIn-Anlass<br \/>\nNebst Radfahren soll auch das Kulinarische<br \/>\nund Gesellige nicht zu kurz kommen.<br \/>\nOrganisator \/ Tourleiter 1: Bruno R\u00fctimann<br \/>\nTourleiter 2: Sepp B\u00fchlmann<\/td>\n<\/tr>\n<tr>\n<td>Wochen 29 \/ 30<br \/>\n13. \u2013 25. Juli<\/td>\n<td><strong>1-Tagestour Brienzersee<\/strong><br \/>\nDas Datum richtet sich nach den<br \/>\nWetterprognosen.<\/td>\n<td>PartnerIn-Anlass \/ Anfahrt mit PW<br \/>\nTourleiter: Bruno Huwiler<\/td>\n<\/tr>\n<tr>\n<td>7. August (FR)<\/td>\n<td><strong>Sommerh\u00f6ck<\/strong><br \/>\nim Bachtalkeller in Sins<\/td>\n<td>PartnerIn-Anlass<br \/>\nOrganisation: Rolf und Priska Leu<\/td>\n<\/tr>\n<tr>\n<td>Woche 38<br \/>\n19. oder 20. Sept.<br \/>\nSA oder SO<\/td>\n<td><strong>1-Tagestour Gottschalkenberg<\/strong><\/td>\n<td>PartnerIn-Anlass \/ Velofahrt ab Sins<br \/>\nMittagessen im Rest. Gottschalkenberg<br \/>\nTourleiter: Sepp B\u00fchlmann<\/td>\n<\/tr>\n<tr>\n<td>16. Oktober (FR)<\/td>\n<td><strong>Kegelabend<\/strong> ab 19:15 Uhr<br \/>\nim Restaurant Sternen, Ballwil<\/td>\n<td>Organisator: Alois Villiger<\/td>\n<\/tr>\n<tr>\n<td>20. November (FR)<\/td>\n<td><strong>Jassturnier <\/strong>ab 19:15 Uhr<br \/>\nim Landgasthof L\u00f6wen Sins<\/td>\n<td>PartnerIn-Anlass<br \/>\nOrganisator: Peter Burkard<\/td>\n<\/tr>\n<tr>\n<td>2. Januar 27 (SA)<\/td>\n<td><strong>Neujahr Ap\u00e9ro<\/strong><\/td>\n<td>wo \/ wann: Bekanntgabe durch WhatsApp<\/td>\n<\/tr>\n<tr>\n<td>12. M\u00e4rz 2027 (FR)<\/td>\n<td><strong>100. Generalversammlung 2027<\/strong><\/td>\n<td>Details folgen zu gegebener Zeit<\/td>\n<\/tr>\n<\/tbody>\n<\/table>\n<p>&nbsp;<\/p>\n<p>&nbsp;<\/p>\n","protected":false},"excerpt":{"rendered":"<p>Jahresprogramm 2026 ( PDF ) Ab Mitte M\u00e4rz 2026 erfolgt die Ausschreibung der Touren auch auf unserer Homepage. Datum Event Bemerkungen Freitag 13. M\u00e4rz 99. Generalversammlung 2026 Gasthof Hirschen Auw ab Mitte M\u00e4rz Veloausfahrten W\u00f6chentliche gemeinsame Ausfahrten mit oder ohne e-Bike nach Absprache im WhatsApp Gruppen Chat und Ausschreibung auf der Homepage Genauer Wochentag wetterabh\u00e4ngig &hellip; <a href=\"https:\/\/veloclub-sins.ch\/index.php\/programm\/\" class=\"more-link\"><span class=\"screen-reader-text\">Programm<\/span> weiterlesen <span class=\"meta-nav\">&rarr;<\/span><\/a><\/p>\n","protected":false},"author":1,"featured_media":0,"parent":0,"menu_order":0,"comment_status":"closed","ping_status":"closed","template":"","meta":{"inline_featured_image":false,"ngg_post_thumbnail":0,"footnotes":""},"class_list":["post-41","page","type-page","status-publish","hentry"],"_links":{"self":[{"href":"https:\/\/veloclub-sins.ch\/index.php\/wp-json\/wp\/v2\/pages\/41","targetHints":{"allow":["GET"]}}],"collection":[{"href":"https:\/\/veloclub-sins.ch\/index.php\/wp-json\/wp\/v2\/pages"}],"about":[{"href":"https:\/\/veloclub-sins.ch\/index.php\/wp-json\/wp\/v2\/types\/page"}],"author":[{"embeddable":true,"href":"https:\/\/veloclub-sins.ch\/index.php\/wp-json\/wp\/v2\/users\/1"}],"replies":[{"embeddable":true,"href":"https:\/\/veloclub-sins.ch\/index.php\/wp-json\/wp\/v2\/comments?post=41"}],"version-history":[{"count":59,"href":"https:\/\/veloclub-sins.ch\/index.php\/wp-json\/wp\/v2\/pages\/41\/revisions"}],"predecessor-version":[{"id":801,"href":"https:\/\/veloclub-sins.ch\/index.php\/wp-json\/wp\/v2\/pages\/41\/revisions\/801"}],"wp:attachment":[{"href":"https:\/\/veloclub-sins.ch\/index.php\/wp-json\/wp\/v2\/media?parent=41"}],"curies":[{"name":"wp","href":"https:\/\/api.w.org\/{rel}","templated":true}]}}