{"id":11,"date":"2025-01-21T21:37:57","date_gmt":"2025-01-21T21:37:57","guid":{"rendered":"https:\/\/veloclub.sins942.ch\/?page_id=11"},"modified":"2025-10-27T12:43:02","modified_gmt":"2025-10-27T12:43:02","slug":"ueber","status":"publish","type":"page","link":"https:\/\/veloclub-sins.ch\/index.php\/ueber\/","title":{"rendered":"Wir \u00fcber uns"},"content":{"rendered":"<h2>Wir \u00fcber uns<\/h2>\n<p>Der <strong>Veloclub Sins<\/strong> (gegr\u00fcndet 1922) hat sich dem gemeinsamen Velofahren und der Freude an der Bewegung verschrieben. Neben sportlichen Aktivit\u00e4ten legt der Verein grossen Wert auf das gesellschaftliche Miteinander. Durch gemeinsame Ausfahrten, Vereinsanl\u00e4sse und gesellige Treffen wird die Kameradschaft gepflegt und der Zusammenhalt gest\u00e4rkt.<\/p>\n<p>Im Vordergrund stehen dabei nicht nur die sportlichen Leistungen, sondern vor allem das gemeinsame Erlebnis, der Austausch unter Gleichgesinnten und die Freude am Velosport in der Gemeinschaft.<\/p>\n<p>F\u00fcr gemeinsame Ausfahrten, bei denen auch G\u00e4ste herzlich willkommen sind, organisieren sich die verschiedenen Gruppen selbstst\u00e4ndig.<\/p>\n<p>Die verschiedenen gesellschaftlichen Aktivit\u00e4ten werden durch den Vorstand koordiniert und dieser nimmt gerne Ideen und Initiativen der Mitglieder entgegen.<\/p>\n","protected":false},"excerpt":{"rendered":"<p>Wir \u00fcber uns Der Veloclub Sins (gegr\u00fcndet 1922) hat sich dem gemeinsamen Velofahren und der Freude an der Bewegung verschrieben. Neben sportlichen Aktivit\u00e4ten legt der Verein grossen Wert auf das gesellschaftliche Miteinander. Durch gemeinsame Ausfahrten, Vereinsanl\u00e4sse und gesellige Treffen wird die Kameradschaft gepflegt und der Zusammenhalt gest\u00e4rkt. Im Vordergrund stehen dabei nicht nur die sportlichen &hellip; <a href=\"https:\/\/veloclub-sins.ch\/index.php\/ueber\/\" class=\"more-link\"><span class=\"screen-reader-text\">Wir \u00fcber uns<\/span> weiterlesen <span class=\"meta-nav\">&rarr;<\/span><\/a><\/p>\n","protected":false},"author":1,"featured_media":0,"parent":0,"menu_order":0,"comment_status":"closed","ping_status":"closed","template":"","meta":{"inline_featured_image":false,"ngg_post_thumbnail":0,"footnotes":""},"class_list":["post-11","page","type-page","status-publish","hentry"],"_links":{"self":[{"href":"https:\/\/veloclub-sins.ch\/index.php\/wp-json\/wp\/v2\/pages\/11","targetHints":{"allow":["GET"]}}],"collection":[{"href":"https:\/\/veloclub-sins.ch\/index.php\/wp-json\/wp\/v2\/pages"}],"about":[{"href":"https:\/\/veloclub-sins.ch\/index.php\/wp-json\/wp\/v2\/types\/page"}],"author":[{"embeddable":true,"href":"https:\/\/veloclub-sins.ch\/index.php\/wp-json\/wp\/v2\/users\/1"}],"replies":[{"embeddable":true,"href":"https:\/\/veloclub-sins.ch\/index.php\/wp-json\/wp\/v2\/comments?post=11"}],"version-history":[{"count":7,"href":"https:\/\/veloclub-sins.ch\/index.php\/wp-json\/wp\/v2\/pages\/11\/revisions"}],"predecessor-version":[{"id":381,"href":"https:\/\/veloclub-sins.ch\/index.php\/wp-json\/wp\/v2\/pages\/11\/revisions\/381"}],"wp:attachment":[{"href":"https:\/\/veloclub-sins.ch\/index.php\/wp-json\/wp\/v2\/media?parent=11"}],"curies":[{"name":"wp","href":"https:\/\/api.w.org\/{rel}","templated":true}]}}